{"id":18,"date":"2022-07-25T09:42:45","date_gmt":"2022-07-25T07:42:45","guid":{"rendered":"https:\/\/godisgood.com.pl\/?page_id=18"},"modified":"2023-02-25T22:35:06","modified_gmt":"2023-02-25T21:35:06","slug":"wspieram","status":"publish","type":"page","link":"https:\/\/godisgood.com.pl\/?page_id=18","title":{"rendered":"Wspieram"},"content":{"rendered":"\n<p class=\"has-text-align-left\"><\/p>\n\n\n\n<p class=\"has-larger-font-size\">B\u00f3g te\u017c jest w stanie udzieli\u0107 wam obficie wszelkiej \u0142aski, aby\u015bcie zawsze we wszystkim mieli dostatek i coraz cz\u0119\u015bciej brali udzia\u0142 w ka\u017cdym dobrym dziele.<br><strong><small>2 Koryntian 9:8<\/small><\/strong><\/p>\n\n\n\n<p class=\"has-larger-font-size\">Wszystko to, co mamy pochodzi z Jego r\u0105k. On wyzwala w nas kreatywno\u015b\u0107, daje nam si\u0142\u0119 i m\u0105dro\u015b\u0107 do obfitego \u017cycia. Dawanie jest wyrazem naszej wiary i wdzi\u0119czno\u015bci. Dzi\u0119ki Twojej pomocy mo\u017cemy rozwija\u0107 nasz\u0105 prac\u0119.<\/p>\n\n\n\n<p class=\"has-larger-font-size\">Tradycyjny przelew bankowy:<\/p>\n\n\n\n<p class=\"has-larger-font-size\"><strong>Numer konta<\/strong><\/p>\n\n\n\n<p class=\"has-larger-font-size\"><strong>71 1140 2004 0000 3102 7699 8444<\/strong><\/p>\n\n\n\n<p class=\"has-larger-font-size\">Ko\u015bci\u00f3\u0142 Zielono\u015bwi\u0105tkowy Zb\u00f3r w Grudzi\u0105dzu<\/p>\n\n\n\n<p class=\"has-larger-font-size\">86-300 Grudzi\u0105dz                                                                                                                                                      <\/p>\n","protected":false},"excerpt":{"rendered":"<p>B\u00f3g te\u017c jest w stanie udzieli\u0107 wam obficie wszelkiej \u0142aski, aby\u015bcie zawsze we wszystkim mieli [&hellip;]<\/p>\n","protected":false},"author":1,"featured_media":0,"parent":0,"menu_order":0,"comment_status":"closed","ping_status":"closed","template":"","meta":{"footnotes":""},"class_list":["post-18","page","type-page","status-publish","hentry"],"yoast_head":"<!-- This site is optimized with the Yoast SEO plugin v27.6 - https:\/\/yoast.com\/product\/yoast-seo-wordpress\/ -->\n<title>Wspieram - Ko\u015bci\u00f3\u0142 Zielono\u015bwi\u0105tkowy w Grudzi\u0105dzu<\/title>\n<meta name=\"robots\" content=\"index, follow, max-snippet:-1, max-image-preview:large, max-video-preview:-1\" \/>\n<link rel=\"canonical\" href=\"https:\/\/godisgood.com.pl\/?page_id=18\" \/>\n<meta property=\"og:locale\" content=\"pl_PL\" \/>\n<meta property=\"og:type\" content=\"article\" \/>\n<meta property=\"og:title\" content=\"Wspieram - Ko\u015bci\u00f3\u0142 Zielono\u015bwi\u0105tkowy w Grudzi\u0105dzu\" \/>\n<meta property=\"og:description\" content=\"B\u00f3g te\u017c jest w stanie udzieli\u0107 wam obficie wszelkiej \u0142aski, aby\u015bcie zawsze we wszystkim mieli [&hellip;]\" \/>\n<meta property=\"og:url\" content=\"https:\/\/godisgood.com.pl\/?page_id=18\" \/>\n<meta property=\"og:site_name\" content=\"Ko\u015bci\u00f3\u0142 Zielono\u015bwi\u0105tkowy w Grudzi\u0105dzu\" \/>\n<meta property=\"article:modified_time\" content=\"2023-02-25T21:35:06+00:00\" \/>\n<meta name=\"twitter:card\" content=\"summary_large_image\" \/>\n<meta name=\"twitter:label1\" content=\"Szacowany czas czytania\" \/>\n\t<meta name=\"twitter:data1\" content=\"1 minuta\" \/>\n<script type=\"application\/ld+json\" class=\"yoast-schema-graph\">{\"@context\":\"https:\\\/\\\/schema.org\",\"@graph\":[{\"@type\":\"WebPage\",\"@id\":\"https:\\\/\\\/godisgood.com.pl\\\/?page_id=18\",\"url\":\"https:\\\/\\\/godisgood.com.pl\\\/?page_id=18\",\"name\":\"Wspieram - Ko\u015bci\u00f3\u0142 Zielono\u015bwi\u0105tkowy w Grudzi\u0105dzu\",\"isPartOf\":{\"@id\":\"https:\\\/\\\/godisgood.com.pl\\\/#website\"},\"datePublished\":\"2022-07-25T07:42:45+00:00\",\"dateModified\":\"2023-02-25T21:35:06+00:00\",\"breadcrumb\":{\"@id\":\"https:\\\/\\\/godisgood.com.pl\\\/?page_id=18#breadcrumb\"},\"inLanguage\":\"pl-PL\",\"potentialAction\":[{\"@type\":\"ReadAction\",\"target\":[\"https:\\\/\\\/godisgood.com.pl\\\/?page_id=18\"]}]},{\"@type\":\"BreadcrumbList\",\"@id\":\"https:\\\/\\\/godisgood.com.pl\\\/?page_id=18#breadcrumb\",\"itemListElement\":[{\"@type\":\"ListItem\",\"position\":1,\"name\":\"Strona g\u0142\u00f3wna\",\"item\":\"https:\\\/\\\/godisgood.com.pl\\\/\"},{\"@type\":\"ListItem\",\"position\":2,\"name\":\"Wspieram\"}]},{\"@type\":\"WebSite\",\"@id\":\"https:\\\/\\\/godisgood.com.pl\\\/#website\",\"url\":\"https:\\\/\\\/godisgood.com.pl\\\/\",\"name\":\"Ko\u015bci\u00f3\u0142 Zielono\u015bwi\u0105tkowy w Grudzi\u0105dzu\",\"description\":\"to spo\u0142eczno\u015b\u0107 chrze\u015bcijan skupiona wok\u00f3\u0142 osoby Jezusa\",\"publisher\":{\"@id\":\"https:\\\/\\\/godisgood.com.pl\\\/#organization\"},\"potentialAction\":[{\"@type\":\"SearchAction\",\"target\":{\"@type\":\"EntryPoint\",\"urlTemplate\":\"https:\\\/\\\/godisgood.com.pl\\\/?s={search_term_string}\"},\"query-input\":{\"@type\":\"PropertyValueSpecification\",\"valueRequired\":true,\"valueName\":\"search_term_string\"}}],\"inLanguage\":\"pl-PL\"},{\"@type\":\"Organization\",\"@id\":\"https:\\\/\\\/godisgood.com.pl\\\/#organization\",\"name\":\"Ko\u015bci\u00f3\u0142 Zielono\u015bwi\u0105tkowy w Grudzi\u0105dzu\",\"url\":\"https:\\\/\\\/godisgood.com.pl\\\/\",\"logo\":{\"@type\":\"ImageObject\",\"inLanguage\":\"pl-PL\",\"@id\":\"https:\\\/\\\/godisgood.com.pl\\\/#\\\/schema\\\/logo\\\/image\\\/\",\"url\":\"https:\\\/\\\/godisgood.com.pl\\\/wp-content\\\/uploads\\\/2022\\\/07\\\/cropped-godisgoodgrudziadz-1.png\",\"contentUrl\":\"https:\\\/\\\/godisgood.com.pl\\\/wp-content\\\/uploads\\\/2022\\\/07\\\/cropped-godisgoodgrudziadz-1.png\",\"width\":70,\"height\":53,\"caption\":\"Ko\u015bci\u00f3\u0142 Zielono\u015bwi\u0105tkowy w Grudzi\u0105dzu\"},\"image\":{\"@id\":\"https:\\\/\\\/godisgood.com.pl\\\/#\\\/schema\\\/logo\\\/image\\\/\"},\"sameAs\":[\"https:\\\/\\\/www.instagram.com\\\/godisgoodgrudziadz\"]}]}<\/script>\n<!-- \/ Yoast SEO plugin. -->","yoast_head_json":{"title":"Wspieram - Ko\u015bci\u00f3\u0142 Zielono\u015bwi\u0105tkowy w Grudzi\u0105dzu","robots":{"index":"index","follow":"follow","max-snippet":"max-snippet:-1","max-image-preview":"max-image-preview:large","max-video-preview":"max-video-preview:-1"},"canonical":"https:\/\/godisgood.com.pl\/?page_id=18","og_locale":"pl_PL","og_type":"article","og_title":"Wspieram - Ko\u015bci\u00f3\u0142 Zielono\u015bwi\u0105tkowy w Grudzi\u0105dzu","og_description":"B\u00f3g te\u017c jest w stanie udzieli\u0107 wam obficie wszelkiej \u0142aski, aby\u015bcie zawsze we wszystkim mieli [&hellip;]","og_url":"https:\/\/godisgood.com.pl\/?page_id=18","og_site_name":"Ko\u015bci\u00f3\u0142 Zielono\u015bwi\u0105tkowy w Grudzi\u0105dzu","article_modified_time":"2023-02-25T21:35:06+00:00","twitter_card":"summary_large_image","twitter_misc":{"Szacowany czas czytania":"1 minuta"},"schema":{"@context":"https:\/\/schema.org","@graph":[{"@type":"WebPage","@id":"https:\/\/godisgood.com.pl\/?page_id=18","url":"https:\/\/godisgood.com.pl\/?page_id=18","name":"Wspieram - Ko\u015bci\u00f3\u0142 Zielono\u015bwi\u0105tkowy w Grudzi\u0105dzu","isPartOf":{"@id":"https:\/\/godisgood.com.pl\/#website"},"datePublished":"2022-07-25T07:42:45+00:00","dateModified":"2023-02-25T21:35:06+00:00","breadcrumb":{"@id":"https:\/\/godisgood.com.pl\/?page_id=18#breadcrumb"},"inLanguage":"pl-PL","potentialAction":[{"@type":"ReadAction","target":["https:\/\/godisgood.com.pl\/?page_id=18"]}]},{"@type":"BreadcrumbList","@id":"https:\/\/godisgood.com.pl\/?page_id=18#breadcrumb","itemListElement":[{"@type":"ListItem","position":1,"name":"Strona g\u0142\u00f3wna","item":"https:\/\/godisgood.com.pl\/"},{"@type":"ListItem","position":2,"name":"Wspieram"}]},{"@type":"WebSite","@id":"https:\/\/godisgood.com.pl\/#website","url":"https:\/\/godisgood.com.pl\/","name":"Ko\u015bci\u00f3\u0142 Zielono\u015bwi\u0105tkowy w Grudzi\u0105dzu","description":"to spo\u0142eczno\u015b\u0107 chrze\u015bcijan skupiona wok\u00f3\u0142 osoby Jezusa","publisher":{"@id":"https:\/\/godisgood.com.pl\/#organization"},"potentialAction":[{"@type":"SearchAction","target":{"@type":"EntryPoint","urlTemplate":"https:\/\/godisgood.com.pl\/?s={search_term_string}"},"query-input":{"@type":"PropertyValueSpecification","valueRequired":true,"valueName":"search_term_string"}}],"inLanguage":"pl-PL"},{"@type":"Organization","@id":"https:\/\/godisgood.com.pl\/#organization","name":"Ko\u015bci\u00f3\u0142 Zielono\u015bwi\u0105tkowy w Grudzi\u0105dzu","url":"https:\/\/godisgood.com.pl\/","logo":{"@type":"ImageObject","inLanguage":"pl-PL","@id":"https:\/\/godisgood.com.pl\/#\/schema\/logo\/image\/","url":"https:\/\/godisgood.com.pl\/wp-content\/uploads\/2022\/07\/cropped-godisgoodgrudziadz-1.png","contentUrl":"https:\/\/godisgood.com.pl\/wp-content\/uploads\/2022\/07\/cropped-godisgoodgrudziadz-1.png","width":70,"height":53,"caption":"Ko\u015bci\u00f3\u0142 Zielono\u015bwi\u0105tkowy w Grudzi\u0105dzu"},"image":{"@id":"https:\/\/godisgood.com.pl\/#\/schema\/logo\/image\/"},"sameAs":["https:\/\/www.instagram.com\/godisgoodgrudziadz"]}]}},"_links":{"self":[{"href":"https:\/\/godisgood.com.pl\/index.php?rest_route=\/wp\/v2\/pages\/18","targetHints":{"allow":["GET"]}}],"collection":[{"href":"https:\/\/godisgood.com.pl\/index.php?rest_route=\/wp\/v2\/pages"}],"about":[{"href":"https:\/\/godisgood.com.pl\/index.php?rest_route=\/wp\/v2\/types\/page"}],"author":[{"embeddable":true,"href":"https:\/\/godisgood.com.pl\/index.php?rest_route=\/wp\/v2\/users\/1"}],"replies":[{"embeddable":true,"href":"https:\/\/godisgood.com.pl\/index.php?rest_route=%2Fwp%2Fv2%2Fcomments&post=18"}],"version-history":[{"count":6,"href":"https:\/\/godisgood.com.pl\/index.php?rest_route=\/wp\/v2\/pages\/18\/revisions"}],"predecessor-version":[{"id":243,"href":"https:\/\/godisgood.com.pl\/index.php?rest_route=\/wp\/v2\/pages\/18\/revisions\/243"}],"wp:attachment":[{"href":"https:\/\/godisgood.com.pl\/index.php?rest_route=%2Fwp%2Fv2%2Fmedia&parent=18"}],"curies":[{"name":"wp","href":"https:\/\/api.w.org\/{rel}","templated":true}]}}